{"id":3473,"date":"2023-01-24T17:04:59","date_gmt":"2023-01-24T16:04:59","guid":{"rendered":"https:\/\/globalcosm.eu\/produit\/innotox-100-ui-liquido\/"},"modified":"2026-05-12T21:00:00","modified_gmt":"2026-05-12T19:00:00","slug":"innotox-100-ui-liquido","status":"publish","type":"product","link":"https:\/\/globalcosm.eu\/es\/produit\/innotox-100-ui-liquido\/","title":{"rendered":"INNOTOX 100 UI L\u00edquido"},"content":{"rendered":"<div class=\"product-description\">\n<h2>Descubre una soluci\u00f3n antiarrugas innovadora<\/h2>\n<p>Recupera una piel radiante con esta toxina botul\u00ednica de nueva generaci\u00f3n. Dise\u00f1ada para ofrecer resultados precisos y duraderos, esta inyecci\u00f3n act\u00faa eficazmente sobre los m\u00fasculos responsables de las l\u00edneas de expresi\u00f3n, dejando el rostro con un aspecto descansado y rejuvenecido. <\/p>\n<p>Gracias a su formulaci\u00f3n \u00fanica, es m\u00e1s seguro y c\u00f3modo de aplicar, sin necesidad de reconstituci\u00f3n. Adecuada para los profesionales de la belleza, esta soluci\u00f3n simplifica los procedimientos al tiempo que garantiza efectos de aspecto natural. <\/p>\n<h3>Ideal para :<\/h3>\n<ul>\n<li>Reduce las l\u00edneas finas de la frente<\/li>\n<li>Reducir las patas de gallo<\/li>\n<li>Alisar las arrugas del entrecejo<\/li>\n<\/ul>\n<h3>Caracter\u00edsticas principales:<\/h3>\n<ul>\n<li>Formulaci\u00f3n l\u00edquida lista para usar<\/li>\n<li>Resultados r\u00e1pidamente visibles y duraderos<\/li>\n<li>Confort \u00f3ptimo para el paciente<\/li>\n<li>Producto aprobado para un uso seguro<\/li>\n<\/ul>\n<p>Transforma tus sesiones de tratamientos de belleza con esta avanzada tecnolog\u00eda y proporciona a tus clientes una piel suave, relajada y rejuvenecida.<\/p>\n<ul>\n<li><strong>Entrega r\u00e1pida y segura<\/strong> en cualquier lugar de Europa.<\/li>\n<li><strong>Un servicio de atenci\u00f3n al cliente receptivo<\/strong> para responder a todas tus preguntas.<\/li>\n<li><strong>Stock disponible inmediatamente<\/strong>, sin periodo de espera.<\/li>\n<\/ul>\n<h2><\/h2>\n<\/div>\n","protected":false},"excerpt":{"rendered":"<p>Compra <strong>Innotox 100 UI<\/strong>, <strong>toxina botul\u00ednica l\u00edquida lista para usar<\/strong>, al <strong>atractivo precio de 49,90 euros<\/strong>. Ideal para inyecciones antiarrugas con certificado CE\/ISO y entrega r\u00e1pida en Francia. <\/p>\n","protected":false},"featured_media":3478,"comment_status":"closed","ping_status":"closed","template":"","meta":{"_acf_changed":false,"site-sidebar-layout":"default","site-content-layout":"default","ast-site-content-layout":"default","site-content-style":"default","site-sidebar-style":"default","ast-global-header-display":"","ast-banner-title-visibility":"","ast-main-header-display":"","ast-hfb-above-header-display":"","ast-hfb-below-header-display":"","ast-hfb-mobile-header-display":"","site-post-title":"","ast-breadcrumbs-content":"","ast-featured-img":"","footer-sml-layout":"","ast-disable-related-posts":"","theme-transparent-header-meta":"default","adv-header-id-meta":"","stick-header-meta":"","header-above-stick-meta":"","header-main-stick-meta":"","header-below-stick-meta":"","astra-migrate-meta-layouts":"default","ast-page-background-enabled":"default","ast-page-background-meta":{"desktop":{"background-color":"var(--ast-global-color-4)","background-image":"","background-repeat":"repeat","background-position":"center center","background-size":"auto","background-attachment":"scroll","background-type":"","background-media":"","overlay-type":"","overlay-color":"","overlay-opacity":"","overlay-gradient":""},"tablet":{"background-color":"","background-image":"","background-repeat":"repeat","background-position":"center center","background-size":"auto","background-attachment":"scroll","background-type":"","background-media":"","overlay-type":"","overlay-color":"","overlay-opacity":"","overlay-gradient":""},"mobile":{"background-color":"","background-image":"","background-repeat":"repeat","background-position":"center center","background-size":"auto","background-attachment":"scroll","background-type":"","background-media":"","overlay-type":"","overlay-color":"","overlay-opacity":"","overlay-gradient":""}},"ast-content-background-meta":{"desktop":{"background-color":"var(--ast-global-color-5)","background-image":"","background-repeat":"repeat","background-position":"center center","background-size":"auto","background-attachment":"scroll","background-type":"","background-media":"","overlay-type":"","overlay-color":"","overlay-opacity":"","overlay-gradient":""},"tablet":{"background-color":"var(--ast-global-color-5)","background-image":"","background-repeat":"repeat","background-position":"center center","background-size":"auto","background-attachment":"scroll","background-type":"","background-media":"","overlay-type":"","overlay-color":"","overlay-opacity":"","overlay-gradient":""},"mobile":{"background-color":"var(--ast-global-color-5)","background-image":"","background-repeat":"repeat","background-position":"center center","background-size":"auto","background-attachment":"scroll","background-type":"","background-media":"","overlay-type":"","overlay-color":"","overlay-opacity":"","overlay-gradient":""}}},"product_brand":[],"product_cat":[133],"product_tag":[],"class_list":{"0":"post-3473","1":"product","2":"type-product","3":"status-publish","4":"has-post-thumbnail","6":"product_cat-innotox-100","7":"desktop-align-left","8":"tablet-align-left","9":"mobile-align-left","11":"first","12":"instock","13":"shipping-taxable","14":"purchasable","15":"product-type-simple"},"acf":[],"tiered_pricing_type":"fixed","tiered_pricing_fixed_rules":{"4":66,"6":59,"11":49.9},"tiered_pricing_product_settings":{"layout":"default","base_unit_name":{"singular":null,"plural":null},"default_variation":null},"tiered_pricing_minimum_quantity":null,"tiered_pricing_roles_data":[],"tiered_pricing_percentage_rules":[],"_links":{"self":[{"href":"https:\/\/globalcosm.eu\/es\/wp-json\/wp\/v2\/product\/3473","targetHints":{"allow":["GET"]}}],"collection":[{"href":"https:\/\/globalcosm.eu\/es\/wp-json\/wp\/v2\/product"}],"about":[{"href":"https:\/\/globalcosm.eu\/es\/wp-json\/wp\/v2\/types\/product"}],"replies":[{"embeddable":true,"href":"https:\/\/globalcosm.eu\/es\/wp-json\/wp\/v2\/comments?post=3473"}],"version-history":[{"count":1,"href":"https:\/\/globalcosm.eu\/es\/wp-json\/wp\/v2\/product\/3473\/revisions"}],"predecessor-version":[{"id":3479,"href":"https:\/\/globalcosm.eu\/es\/wp-json\/wp\/v2\/product\/3473\/revisions\/3479"}],"wp:featuredmedia":[{"embeddable":true,"href":"https:\/\/globalcosm.eu\/es\/wp-json\/wp\/v2\/media\/3478"}],"wp:attachment":[{"href":"https:\/\/globalcosm.eu\/es\/wp-json\/wp\/v2\/media?parent=3473"}],"wp:term":[{"taxonomy":"product_brand","embeddable":true,"href":"https:\/\/globalcosm.eu\/es\/wp-json\/wp\/v2\/product_brand?post=3473"},{"taxonomy":"product_cat","embeddable":true,"href":"https:\/\/globalcosm.eu\/es\/wp-json\/wp\/v2\/product_cat?post=3473"},{"taxonomy":"product_tag","embeddable":true,"href":"https:\/\/globalcosm.eu\/es\/wp-json\/wp\/v2\/product_tag?post=3473"}],"curies":[{"name":"wp","href":"https:\/\/api.w.org\/{rel}","templated":true}]}}