{"id":3438,"date":"2023-01-08T20:48:32","date_gmt":"2023-01-08T19:48:32","guid":{"rendered":"https:\/\/globalcosm.eu\/basket\/"},"modified":"2026-05-12T20:59:51","modified_gmt":"2026-05-12T18:59:51","slug":"basket","status":"publish","type":"page","link":"https:\/\/globalcosm.eu\/en\/basket\/","title":{"rendered":"Basket"},"content":{"rendered":"\t\t<div data-elementor-type=\"wp-page\" data-elementor-id=\"3438\" class=\"elementor elementor-3438\" data-elementor-post-type=\"page\">\n\t\t\t\t\t\t<section class=\"elementor-section elementor-top-section elementor-element elementor-element-4af91a7 elementor-section-boxed elementor-section-height-default elementor-section-height-default wpr-particle-no wpr-jarallax-no wpr-parallax-no wpr-sticky-section-no wpr-column-slider-no wpr-equal-height-no\" data-id=\"4af91a7\" data-element_type=\"section\" data-e-type=\"section\">\n\t\t\t\t\t\t<div class=\"elementor-container elementor-column-gap-default\">\n\t\t\t\t\t<div class=\"elementor-column elementor-col-100 elementor-top-column elementor-element elementor-element-9ed82b9\" data-id=\"9ed82b9\" data-element_type=\"column\" data-e-type=\"column\">\n\t\t\t<div class=\"elementor-widget-wrap elementor-element-populated\">\n\t\t\t\t\t\t\t<\/div>\n\t\t<\/div>\n\t\t\t\t\t<\/div>\n\t\t<\/section>\n\t\t\t\t<\/div>\n\t\t","protected":false},"excerpt":{"rendered":"<p>Delete element Miniature Product Price Quantity Subtotal INNOTOX 50 U 66.00\u20ac quantity of INNOTOX 50 U 66.00\u20ac Apply Coupon Basket total Subtotal 66.00\u20ac Shipping Package price: \u20ac7.90 Delivery to 3 rue marcel gimond, le plessis robinson, 92350 le plessis robinson, Almer\u00eda, Spain. Modify address Country\/region : Select a country\/region&#8230;GermanyBelgiumSpainFranceItalyLuxembourgPortugalUnited Kingdom (UK)Switzerland State \/ County Select an option&#8230;A Coru\u00f1aAraba\/\u00c1lavaAlbaceteAlicanteAlmer\u00edaAsturias\u00c1vilaBadajozThe Balearic IslandsBarcelonaBurgosC\u00e1ceresC\u00e1dizCantabriaCastell\u00f3nCeutaCiudad RealC\u00f3rdobaCuencaGironaGranadaGuadalajaraGuipuscoaHuelvaHuescaJa\u00e9nLa RiojaLas PalmasLe\u00f3nLleidaLugoMadridM\u00e1lagaMelillaMurciaNavarreOurensePalenciaPontevedraSalamancaSanta Cruz de TenerifeSegoviaSevilleSoriaTarragonaTeruelToledoValenceValladolidBiscayZamoraZaragoza City : Postal code Update Total 73.90\u20ac Payment<\/p>\n","protected":false},"author":1,"featured_media":0,"parent":0,"menu_order":0,"comment_status":"closed","ping_status":"closed","template":"","meta":{"_acf_changed":false,"site-sidebar-layout":"default","site-content-layout":"","ast-site-content-layout":"default","site-content-style":"default","site-sidebar-style":"default","ast-global-header-display":"","ast-banner-title-visibility":"","ast-main-header-display":"","ast-hfb-above-header-display":"","ast-hfb-below-header-display":"","ast-hfb-mobile-header-display":"","site-post-title":"","ast-breadcrumbs-content":"","ast-featured-img":"","footer-sml-layout":"","ast-disable-related-posts":"","theme-transparent-header-meta":"","adv-header-id-meta":"","stick-header-meta":"","header-above-stick-meta":"","header-main-stick-meta":"","header-below-stick-meta":"","astra-migrate-meta-layouts":"default","ast-page-background-enabled":"default","ast-page-background-meta":{"desktop":{"background-color":"var(--ast-global-color-4)","background-image":"","background-repeat":"repeat","background-position":"center center","background-size":"auto","background-attachment":"scroll","background-type":"","background-media":"","overlay-type":"","overlay-color":"","overlay-opacity":"","overlay-gradient":""},"tablet":{"background-color":"","background-image":"","background-repeat":"repeat","background-position":"center center","background-size":"auto","background-attachment":"scroll","background-type":"","background-media":"","overlay-type":"","overlay-color":"","overlay-opacity":"","overlay-gradient":""},"mobile":{"background-color":"","background-image":"","background-repeat":"repeat","background-position":"center center","background-size":"auto","background-attachment":"scroll","background-type":"","background-media":"","overlay-type":"","overlay-color":"","overlay-opacity":"","overlay-gradient":""}},"ast-content-background-meta":{"desktop":{"background-color":"var(--ast-global-color-5)","background-image":"","background-repeat":"repeat","background-position":"center center","background-size":"auto","background-attachment":"scroll","background-type":"","background-media":"","overlay-type":"","overlay-color":"","overlay-opacity":"","overlay-gradient":""},"tablet":{"background-color":"var(--ast-global-color-5)","background-image":"","background-repeat":"repeat","background-position":"center center","background-size":"auto","background-attachment":"scroll","background-type":"","background-media":"","overlay-type":"","overlay-color":"","overlay-opacity":"","overlay-gradient":""},"mobile":{"background-color":"var(--ast-global-color-5)","background-image":"","background-repeat":"repeat","background-position":"center center","background-size":"auto","background-attachment":"scroll","background-type":"","background-media":"","overlay-type":"","overlay-color":"","overlay-opacity":"","overlay-gradient":""}},"footnotes":""},"class_list":["post-3438","page","type-page","status-publish","hentry"],"acf":[],"_links":{"self":[{"href":"https:\/\/globalcosm.eu\/en\/wp-json\/wp\/v2\/pages\/3438","targetHints":{"allow":["GET"]}}],"collection":[{"href":"https:\/\/globalcosm.eu\/en\/wp-json\/wp\/v2\/pages"}],"about":[{"href":"https:\/\/globalcosm.eu\/en\/wp-json\/wp\/v2\/types\/page"}],"author":[{"embeddable":true,"href":"https:\/\/globalcosm.eu\/en\/wp-json\/wp\/v2\/users\/1"}],"replies":[{"embeddable":true,"href":"https:\/\/globalcosm.eu\/en\/wp-json\/wp\/v2\/comments?post=3438"}],"version-history":[{"count":1,"href":"https:\/\/globalcosm.eu\/en\/wp-json\/wp\/v2\/pages\/3438\/revisions"}],"predecessor-version":[{"id":3442,"href":"https:\/\/globalcosm.eu\/en\/wp-json\/wp\/v2\/pages\/3438\/revisions\/3442"}],"wp:attachment":[{"href":"https:\/\/globalcosm.eu\/en\/wp-json\/wp\/v2\/media?parent=3438"}],"curies":[{"name":"wp","href":"https:\/\/api.w.org\/{rel}","templated":true}]}}