{"id":15,"date":"2023-01-13T00:52:18","date_gmt":"2023-01-12T23:52:18","guid":{"rendered":"https:\/\/globalcosm.eu\/?post_type=product&#038;p=15"},"modified":"2025-05-26T18:50:31","modified_gmt":"2025-05-26T16:50:31","slug":"innotox-50","status":"publish","type":"product","link":"https:\/\/globalcosm.eu\/de\/produkt\/innotox-50\/","title":{"rendered":"Innotox 50 IE Botulinumtoxin-L\u00f6sung"},"content":{"rendered":"<h2>Innotox 50 IE Botulinumtoxin ist das weltweit erste Botulinumtoxin Typ A in fl\u00fcssiger Form.<\/h2>\n<p>Gebrauchsfertig. Diese Darreichungsform gew\u00e4hrleistet eine einfache Anwendung, da keine Verd\u00fcnnung erforderlich ist. Eine gebrauchsfertige L\u00f6sung enth\u00e4lt 50 Einheiten des Wirkstoffs. Innotox wird ohne Inhaltsstoffe tierischen Ursprungs, Proteine, Albumin und Gelatine hergestellt, wodurch das Risiko allergischer Reaktionen minimiert wird. Es enth\u00e4lt denselben Wirkstoff wie Botox und Dysport.<\/p>\n<p><strong>Produktname:<\/strong>\u00a0Botox (Botulinumtoxin Typ A)<\/p>\n<p><strong>Marke<\/strong>Medytox<\/p>\n<p><strong>Volumen<\/strong>50 IE\/Durchstechflasche<\/p>\n<p><strong>Zertifizierung:<\/strong>\u00a0ISO, CE<\/p>\n<p><strong>Verwenden<\/strong>Hautpflege, Anti-Aging, Anti-Falten, Hautstraffung<\/p>\n<p><strong>Material<\/strong>: Fl\u00fcssig<\/p>\n<p>&nbsp;<\/p>","protected":false},"excerpt":{"rendered":"<p>Innotox 50 UI Toxine Botulique\u00a0 est la premi\u00e8re toxine botulique\u00a0 de type A au monde sous forme de phase liquide pr\u00eate \u00e0 l&#8217;emploi. Cette forme\u00a0 assure la facilit\u00e9 d&rsquo;utilisation, car elle ne n\u00e9cessite pas de dilution. Une solution pr\u00eate \u00e0 l&#8217;emploi contient 50 unit\u00e9s de la substance active. Innotox est fabriqu\u00e9 sans ingr\u00e9dients d&rsquo;origine animale, prot\u00e9ines, albumine et g\u00e9latine, ce qui minimise le risque de r\u00e9actions allergiques.qui est la m\u00eame substance active utilis\u00e9e dans les produits Botox et Dysport. Nom du produit:\u00a0Botox Botulinum type A toxin Marque: Medytox Volume: 50 ui\/flacon Certification:\u00a0ISO, CE Usage: Soins de la peau, anti-\u00e2ge, anti-rides, lifting de la peau Mat\u00e9riau: Liquide &nbsp;<\/p>","protected":false},"featured_media":2134,"comment_status":"closed","ping_status":"closed","template":"","meta":{"_acf_changed":false,"site-sidebar-layout":"default","site-content-layout":"default","ast-site-content-layout":"default","site-content-style":"default","site-sidebar-style":"default","ast-global-header-display":"","ast-banner-title-visibility":"","ast-main-header-display":"","ast-hfb-above-header-display":"","ast-hfb-below-header-display":"","ast-hfb-mobile-header-display":"","site-post-title":"","ast-breadcrumbs-content":"","ast-featured-img":"","footer-sml-layout":"","ast-disable-related-posts":"","theme-transparent-header-meta":"default","adv-header-id-meta":"","stick-header-meta":"","header-above-stick-meta":"","header-main-stick-meta":"","header-below-stick-meta":"","astra-migrate-meta-layouts":"set","ast-page-background-enabled":"default","ast-page-background-meta":{"desktop":{"background-color":"var(--ast-global-color-4)","background-image":"","background-repeat":"repeat","background-position":"center center","background-size":"auto","background-attachment":"scroll","background-type":"","background-media":"","overlay-type":"","overlay-color":"","overlay-opacity":"","overlay-gradient":""},"tablet":{"background-color":"","background-image":"","background-repeat":"repeat","background-position":"center center","background-size":"auto","background-attachment":"scroll","background-type":"","background-media":"","overlay-type":"","overlay-color":"","overlay-opacity":"","overlay-gradient":""},"mobile":{"background-color":"","background-image":"","background-repeat":"repeat","background-position":"center center","background-size":"auto","background-attachment":"scroll","background-type":"","background-media":"","overlay-type":"","overlay-color":"","overlay-opacity":"","overlay-gradient":""}},"ast-content-background-meta":{"desktop":{"background-color":"var(--ast-global-color-5)","background-image":"","background-repeat":"repeat","background-position":"center center","background-size":"auto","background-attachment":"scroll","background-type":"","background-media":"","overlay-type":"","overlay-color":"","overlay-opacity":"","overlay-gradient":""},"tablet":{"background-color":"var(--ast-global-color-5)","background-image":"","background-repeat":"repeat","background-position":"center center","background-size":"auto","background-attachment":"scroll","background-type":"","background-media":"","overlay-type":"","overlay-color":"","overlay-opacity":"","overlay-gradient":""},"mobile":{"background-color":"var(--ast-global-color-5)","background-image":"","background-repeat":"repeat","background-position":"center center","background-size":"auto","background-attachment":"scroll","background-type":"","background-media":"","overlay-type":"","overlay-color":"","overlay-opacity":"","overlay-gradient":""}}},"product_brand":[],"product_cat":[30],"product_tag":[],"class_list":{"0":"post-15","1":"product","2":"type-product","3":"status-publish","4":"has-post-thumbnail","6":"product_cat-innotox","7":"desktop-align-left","8":"tablet-align-left","9":"mobile-align-left","11":"first","12":"outofstock","13":"shipping-taxable","14":"purchasable","15":"product-type-simple"},"acf":[],"tiered_pricing_type":"fixed","tiered_pricing_fixed_rules":{"6":53,"11":45},"tiered_pricing_product_settings":{"layout":"default","base_unit_name":{"singular":null,"plural":null},"default_variation":null},"tiered_pricing_minimum_quantity":null,"tiered_pricing_roles_data":[],"tiered_pricing_percentage_rules":[],"_links":{"self":[{"href":"https:\/\/globalcosm.eu\/de\/wp-json\/wp\/v2\/product\/15","targetHints":{"allow":["GET"]}}],"collection":[{"href":"https:\/\/globalcosm.eu\/de\/wp-json\/wp\/v2\/product"}],"about":[{"href":"https:\/\/globalcosm.eu\/de\/wp-json\/wp\/v2\/types\/product"}],"replies":[{"embeddable":true,"href":"https:\/\/globalcosm.eu\/de\/wp-json\/wp\/v2\/comments?post=15"}],"version-history":[{"count":4,"href":"https:\/\/globalcosm.eu\/de\/wp-json\/wp\/v2\/product\/15\/revisions"}],"predecessor-version":[{"id":3034,"href":"https:\/\/globalcosm.eu\/de\/wp-json\/wp\/v2\/product\/15\/revisions\/3034"}],"wp:featuredmedia":[{"embeddable":true,"href":"https:\/\/globalcosm.eu\/de\/wp-json\/wp\/v2\/media\/2134"}],"wp:attachment":[{"href":"https:\/\/globalcosm.eu\/de\/wp-json\/wp\/v2\/media?parent=15"}],"wp:term":[{"taxonomy":"product_brand","embeddable":true,"href":"https:\/\/globalcosm.eu\/de\/wp-json\/wp\/v2\/product_brand?post=15"},{"taxonomy":"product_cat","embeddable":true,"href":"https:\/\/globalcosm.eu\/de\/wp-json\/wp\/v2\/product_cat?post=15"},{"taxonomy":"product_tag","embeddable":true,"href":"https:\/\/globalcosm.eu\/de\/wp-json\/wp\/v2\/product_tag?post=15"}],"curies":[{"name":"wp","href":"https:\/\/api.w.org\/{rel}","templated":true}]}}