{"id":3537,"date":"2023-01-30T13:37:41","date_gmt":"2023-01-30T12:37:41","guid":{"rendered":"https:\/\/globalcosm.eu\/lieferung-und-zahlung\/"},"modified":"2023-01-30T13:37:41","modified_gmt":"2023-01-30T12:37:41","slug":"lieferung-und-zahlung","status":"publish","type":"page","link":"https:\/\/globalcosm.eu\/de\/lieferung-und-zahlung\/","title":{"rendered":"Lieferung und Zahlung"},"content":{"rendered":"\t\t<div data-elementor-type=\"wp-page\" data-elementor-id=\"3537\" class=\"elementor elementor-3537\" data-elementor-post-type=\"page\">\n\t\t\t\t\t\t<section class=\"elementor-section elementor-top-section elementor-element elementor-element-5e6b314 elementor-section-boxed elementor-section-height-default elementor-section-height-default wpr-particle-no wpr-jarallax-no wpr-parallax-no wpr-sticky-section-no wpr-column-slider-no wpr-equal-height-no\" data-id=\"5e6b314\" data-element_type=\"section\" data-e-type=\"section\">\n\t\t\t\t\t\t<div class=\"elementor-container elementor-column-gap-default\">\n\t\t\t\t\t<div class=\"elementor-column elementor-col-100 elementor-top-column elementor-element elementor-element-209b282\" data-id=\"209b282\" data-element_type=\"column\" data-e-type=\"column\">\n\t\t\t<div class=\"elementor-widget-wrap elementor-element-populated\">\n\t\t\t\t\t\t<div class=\"elementor-element elementor-element-b2c9dab elementor-widget elementor-widget-image\" data-id=\"b2c9dab\" data-element_type=\"widget\" data-e-type=\"widget\" data-widget_type=\"image.default\">\n\t\t\t\t<div class=\"elementor-widget-container\">\n\t\t\t\t\t\t\t\t\t\t\t\t\t\t\t<img fetchpriority=\"high\" decoding=\"async\" width=\"600\" height=\"320\" src=\"https:\/\/globalcosm.eu\/wp-content\/uploads\/2023\/01\/Sans-titre-23-600x320.png\" class=\"attachment-woocommerce_single size-woocommerce_single wp-image-929\" alt=\"innotox\" srcset=\"https:\/\/globalcosm.eu\/wp-content\/uploads\/2023\/01\/Sans-titre-23-600x320.png 600w, https:\/\/globalcosm.eu\/wp-content\/uploads\/2023\/01\/Sans-titre-23-300x160.png 300w, https:\/\/globalcosm.eu\/wp-content\/uploads\/2023\/01\/Sans-titre-23-1024x546.png 1024w, https:\/\/globalcosm.eu\/wp-content\/uploads\/2023\/01\/Sans-titre-23-768x410.png 768w, https:\/\/globalcosm.eu\/wp-content\/uploads\/2023\/01\/Sans-titre-23.png 1500w\" sizes=\"(max-width: 600px) 100vw, 600px\" title=\"\">\t\t\t\t\t\t\t\t\t\t\t\t\t\t\t<\/div>\n\t\t\t\t<\/div>\n\t\t\t\t\t<\/div>\n\t\t<\/div>\n\t\t\t\t\t<\/div>\n\t\t<\/section>\n\t\t\t\t<section class=\"elementor-section elementor-top-section elementor-element elementor-element-01fa520 elementor-section-full_width elementor-section-height-default elementor-section-height-default wpr-particle-no wpr-jarallax-no wpr-parallax-no wpr-sticky-section-no wpr-column-slider-no wpr-equal-height-no\" data-id=\"01fa520\" data-element_type=\"section\" data-e-type=\"section\">\n\t\t\t\t\t\t\t<div class=\"elementor-background-overlay\"><\/div>\n\t\t\t\t\t\t\t<div class=\"elementor-container elementor-column-gap-default\">\n\t\t\t\t\t<div class=\"elementor-column elementor-col-100 elementor-top-column elementor-element elementor-element-bc86e86\" data-id=\"bc86e86\" data-element_type=\"column\" data-e-type=\"column\">\n\t\t\t<div class=\"elementor-widget-wrap elementor-element-populated\">\n\t\t\t\t\t\t<div class=\"elementor-element elementor-element-73a1fda elementor-widget elementor-widget-heading\" data-id=\"73a1fda\" data-element_type=\"widget\" data-e-type=\"widget\" data-widget_type=\"heading.default\">\n\t\t\t\t<div class=\"elementor-widget-container\">\n\t\t\t\t\t<h2 class=\"elementor-heading-title elementor-size-default\">Livraison rapide et fiable en Europe avec Colissimo<\/h2>\t\t\t\t<\/div>\n\t\t\t\t<\/div>\n\t\t\t\t\t<\/div>\n\t\t<\/div>\n\t\t\t\t\t<\/div>\n\t\t<\/section>\n\t\t\t\t<section class=\"elementor-section elementor-top-section elementor-element elementor-element-52c276b elementor-section-full_width elementor-section-height-default elementor-section-height-default wpr-particle-no wpr-jarallax-no wpr-parallax-no wpr-sticky-section-no wpr-column-slider-no wpr-equal-height-no\" data-id=\"52c276b\" data-element_type=\"section\" data-e-type=\"section\">\n\t\t\t\t\t\t\t<div class=\"elementor-background-overlay\"><\/div>\n\t\t\t\t\t\t\t<div class=\"elementor-container elementor-column-gap-default\">\n\t\t\t\t\t<div class=\"elementor-column elementor-col-100 elementor-top-column elementor-element elementor-element-63c7031\" data-id=\"63c7031\" data-element_type=\"column\" data-e-type=\"column\">\n\t\t\t<div class=\"elementor-widget-wrap elementor-element-populated\">\n\t\t\t\t\t\t<div class=\"elementor-element elementor-element-5f34352 elementor-widget elementor-widget-text-editor\" data-id=\"5f34352\" data-element_type=\"widget\" data-e-type=\"widget\" data-widget_type=\"text-editor.default\">\n\t\t\t\t<div class=\"elementor-widget-container\">\n\t\t\t\t\t\t\t\t\t<p>&#8220;Bienvenue sur notre site! Nous sommes fiers de vous offrir une livraison rapide et fiable partout en Europe. Gr\u00e2ce \u00e0 notre partenariat avec Colissimo, nous pouvons livrer vos commandes directement \u00e0 votre porte, <b>dans un delai de 2 jours ouvr\u00e9s.<\/b><\/p>\n<p>Nous comprenons l&#8217;importance d&#8217;avoir votre commande livr\u00e9e \u00e0 temps et en bon \u00e9tat, c&#8217;est pourquoi nous avons choisi de travailler avec Colissimo, un leader reconnu dans le domaine de la livraison de colis en Europe. Avec leur large r\u00e9seau de distribution, vous pouvez \u00eatre s\u00fbr que votre commande arrivera \u00e0 destination dans les d\u00e9lais impartis.<\/p>\n<p>Notre processus de livraison est simple et sans tracas. Une fois votre commande confirm\u00e9e, vous recevrez un num\u00e9ro de suivi pour suivre votre colis en temps r\u00e9el. Vous pouvez \u00e9galement choisir de recevoir des mises \u00e0 jour par e-mail ou SMS pour \u00eatre inform\u00e9 de l&#8217;avancement de votre livraison.<\/p>\n<p>Nous sommes heureux de vous offrir une livraison abordable et fiable en Europe. Alors, pourquoi attendre? Commandez d\u00e8s maintenant et profitez de notre service de livraison rapide et fiable avec Colissimo. &#8220;<\/p>\t\t\t\t\t\t\t\t<\/div>\n\t\t\t\t<\/div>\n\t\t\t\t\t<\/div>\n\t\t<\/div>\n\t\t\t\t\t<\/div>\n\t\t<\/section>\n\t\t\t\t<section class=\"elementor-section elementor-top-section elementor-element elementor-element-1b647a3 elementor-section-boxed elementor-section-height-default elementor-section-height-default wpr-particle-no wpr-jarallax-no wpr-parallax-no wpr-sticky-section-no wpr-column-slider-no wpr-equal-height-no\" data-id=\"1b647a3\" data-element_type=\"section\" data-e-type=\"section\">\n\t\t\t\t\t\t<div class=\"elementor-container elementor-column-gap-default\">\n\t\t\t\t\t<div class=\"elementor-column elementor-col-100 elementor-top-column elementor-element elementor-element-6b75d1d\" data-id=\"6b75d1d\" data-element_type=\"column\" data-e-type=\"column\">\n\t\t\t<div class=\"elementor-widget-wrap elementor-element-populated\">\n\t\t\t\t\t\t<div class=\"elementor-element elementor-element-25ba70a elementor-widget elementor-widget-heading\" data-id=\"25ba70a\" data-element_type=\"widget\" data-e-type=\"widget\" data-widget_type=\"heading.default\">\n\t\t\t\t<div class=\"elementor-widget-container\">\n\t\t\t\t\t<h2 class=\"elementor-heading-title elementor-size-default\">Paiement <\/h2>\t\t\t\t<\/div>\n\t\t\t\t<\/div>\n\t\t\t\t\t<\/div>\n\t\t<\/div>\n\t\t\t\t\t<\/div>\n\t\t<\/section>\n\t\t\t\t<section class=\"elementor-section elementor-top-section elementor-element elementor-element-09ebc6f elementor-section-boxed elementor-section-height-default elementor-section-height-default wpr-particle-no wpr-jarallax-no wpr-parallax-no wpr-sticky-section-no wpr-column-slider-no wpr-equal-height-no\" data-id=\"09ebc6f\" data-element_type=\"section\" data-e-type=\"section\" data-settings=\"{&quot;background_background&quot;:&quot;classic&quot;}\">\n\t\t\t\t\t\t\t<div class=\"elementor-background-overlay\"><\/div>\n\t\t\t\t\t\t\t<div class=\"elementor-container elementor-column-gap-default\">\n\t\t\t\t\t<div class=\"elementor-column elementor-col-100 elementor-top-column elementor-element elementor-element-7019e97\" data-id=\"7019e97\" data-element_type=\"column\" data-e-type=\"column\">\n\t\t\t<div class=\"elementor-widget-wrap elementor-element-populated\">\n\t\t\t\t\t\t<div class=\"elementor-element elementor-element-7d02000 elementor-widget elementor-widget-text-editor\" data-id=\"7d02000\" data-element_type=\"widget\" data-e-type=\"widget\" data-widget_type=\"text-editor.default\">\n\t\t\t\t<div class=\"elementor-widget-container\">\n\t\t\t\t\t\t\t\t\t<p>Cher client ,<\/p><p>Nous vous remercions de votre choix pour nos produits. Nous sommes reconnaissants de votre confiance envers nos offres. Nous tenons \u00e0 vous assurer que la nature unique de nos produits, consid\u00e9r\u00e9s comme des m\u00e9dicaments en vertu de la loi, n\u00e9cessite un processus de paiement sp\u00e9cifique.<\/p><p><strong>\u00c9tape 1: Confirmation de la commande<\/strong><\/p><p>Apr\u00e8s avoir s\u00e9lectionn\u00e9 vos articles et fourni vos coordonn\u00e9es de livraison, veuillez proc\u00e9der \u00e0 la validation de votre commande sur notre site. Vous recevrez rapidement un e-mail de confirmation.<\/p><p><strong>\u00c9tape 2: Paiement s\u00e9curis\u00e9<\/strong><\/p><p>Dans l&#8217;e-mail de confirmation, vous trouverez un lien s\u00e9curis\u00e9 pour effectuer le paiement final. Vous avez le choix de payer soit par PayPal, soit par carte bancaire. Cliquez sur le lien correspondant \u00e0 votre pr\u00e9f\u00e9rence, suivez les instructions, et soyez assur\u00e9s que la transaction est s\u00e9curis\u00e9e et conforme.<\/p><p>Cette approche garantit notre respect des r\u00e9glementations l\u00e9gales tout en maintenant les normes de s\u00e9curit\u00e9 les plus \u00e9lev\u00e9es pour vos transactions. Une fois le paiement effectu\u00e9, sachez que la livraison sera rapide.<\/p><p>Si vous avez des questions ou des pr\u00e9occupations, n&#8217;h\u00e9sitez pas \u00e0 nous contacter.<\/p><p>T\u00e9l\u00e9\/Whatsapp :+33 756 902 294<\/p><p>Email:info@globalcosm.eu<\/p><p>Globalcosm.<\/p>\t\t\t\t\t\t\t\t<\/div>\n\t\t\t\t<\/div>\n\t\t\t\t\t<\/div>\n\t\t<\/div>\n\t\t\t\t\t<\/div>\n\t\t<\/section>\n\t\t\t\t<\/div>\n\t\t","protected":false},"excerpt":{"rendered":"<p>Schnelle und zuverl\u00e4ssige Lieferung in Europa mit Colissimo &#8220;Willkommen auf unserer Website! Wir sind stolz darauf, Ihnen eine schnelle und zuverl\u00e4ssige Lieferung in ganz Europa anbieten zu k\u00f6nnen. Dank unserer Partnerschaft mit Colissimo k\u00f6nnen wir Ihre Bestellungen innerhalb von 2 Werktagen direkt an Ihre Haust\u00fcr liefern. Wir wissen, wie wichtig es ist, dass Ihre Bestellung rechtzeitig und in gutem Zustand geliefert wird. Deshalb haben wir uns f\u00fcr die Zusammenarbeit mit Colissimo entschieden, einem anerkannten Marktf\u00fchrer im Bereich der Paketzustellung in Europa. Mit ihrem gro\u00dfen Vertriebsnetz k\u00f6nnen Sie sicher sein, dass Ihre Bestellung p\u00fcnktlich ankommt. Unser Lieferprozess ist einfach und problemlos. Sobald Ihre Bestellung best\u00e4tigt wurde, erhalten Sie eine Trackingnummer, mit der Sie Ihr Paket in Echtzeit verfolgen k\u00f6nnen. Sie k\u00f6nnen auch w\u00e4hlen, ob Sie per E-Mail oder SMS \u00fcber den Fortschritt Ihrer Lieferung informiert werden m\u00f6chten. Wir freuen uns, Ihnen eine erschwingliche und zuverl\u00e4ssige Lieferung innerhalb Europas anbieten zu k\u00f6nnen. Warum also warten? Bestellen Sie jetzt und profitieren Sie von unserem schnellen und zuverl\u00e4ssigen Lieferservice mit Colissimo. &#8220; Zahlung Sehr geehrter Kunde , Wir danken Ihnen, dass Sie sich f\u00fcr unsere Produkte entschieden haben. Wir danken Ihnen f\u00fcr Ihr Vertrauen in unsere Angebote. Wir m\u00f6chten Ihnen versichern, dass die Einzigartigkeit unserer Produkte, die nach dem Gesetz als Arzneimittel gelten, ein spezielles Zahlungsverfahren erfordert. Schritt 1: Best\u00e4tigung der Bestellung Nachdem Sie Ihre Artikel ausgew\u00e4hlt und Ihre Lieferdaten angegeben haben, gehen Sie bitte zur Best\u00e4tigung Ihrer Bestellung auf unserer Website. Sie werden in K\u00fcrze eine Best\u00e4tigungs-E-Mail erhalten. Schritt 2: Sichere Zahlung In der Best\u00e4tigungs-E-Mail finden Sie einen sicheren Link, \u00fcber den Sie die endg\u00fcltige Zahlung vornehmen k\u00f6nnen. Sie k\u00f6nnen entweder per PayPal oder per Kreditkarte bezahlen. Klicken Sie auf den entsprechenden Link, befolgen Sie die Anweisungen und seien Sie versichert, dass die Transaktion sicher und ordnungsgem\u00e4\u00df durchgef\u00fchrt wurde. Auf diese Weise wird sichergestellt, dass wir die gesetzlichen Bestimmungen einhalten und gleichzeitig die h\u00f6chsten Sicherheitsstandards f\u00fcr Ihre Transaktionen aufrechterhalten. Sobald die Zahlung erfolgt ist, k\u00f6nnen Sie sicher sein, dass die Lieferung schnell erfolgt. Wenn Sie Fragen oder Bedenken haben, z\u00f6gern Sie bitte nicht, uns zu kontaktieren. Telefon\/Whatsapp: +33 756 902 294 Email:info@globalcosm.eu Globalcosm.<\/p>\n","protected":false},"author":1,"featured_media":0,"parent":0,"menu_order":0,"comment_status":"closed","ping_status":"closed","template":"","meta":{"_acf_changed":false,"site-sidebar-layout":"no-sidebar","site-content-layout":"page-builder","ast-site-content-layout":"default","site-content-style":"default","site-sidebar-style":"default","ast-global-header-display":"","ast-banner-title-visibility":"","ast-main-header-display":"","ast-hfb-above-header-display":"","ast-hfb-below-header-display":"","ast-hfb-mobile-header-display":"","site-post-title":"disabled","ast-breadcrumbs-content":"","ast-featured-img":"disabled","footer-sml-layout":"","ast-disable-related-posts":"","theme-transparent-header-meta":"","adv-header-id-meta":"","stick-header-meta":"","header-above-stick-meta":"","header-main-stick-meta":"","header-below-stick-meta":"","astra-migrate-meta-layouts":"default","ast-page-background-enabled":"default","ast-page-background-meta":{"desktop":{"background-color":"var(--ast-global-color-4)","background-image":"","background-repeat":"repeat","background-position":"center center","background-size":"auto","background-attachment":"scroll","background-type":"","background-media":"","overlay-type":"","overlay-color":"","overlay-opacity":"","overlay-gradient":""},"tablet":{"background-color":"","background-image":"","background-repeat":"repeat","background-position":"center center","background-size":"auto","background-attachment":"scroll","background-type":"","background-media":"","overlay-type":"","overlay-color":"","overlay-opacity":"","overlay-gradient":""},"mobile":{"background-color":"","background-image":"","background-repeat":"repeat","background-position":"center center","background-size":"auto","background-attachment":"scroll","background-type":"","background-media":"","overlay-type":"","overlay-color":"","overlay-opacity":"","overlay-gradient":""}},"ast-content-background-meta":{"desktop":{"background-color":"var(--ast-global-color-5)","background-image":"","background-repeat":"repeat","background-position":"center center","background-size":"auto","background-attachment":"scroll","background-type":"","background-media":"","overlay-type":"","overlay-color":"","overlay-opacity":"","overlay-gradient":""},"tablet":{"background-color":"var(--ast-global-color-5)","background-image":"","background-repeat":"repeat","background-position":"center center","background-size":"auto","background-attachment":"scroll","background-type":"","background-media":"","overlay-type":"","overlay-color":"","overlay-opacity":"","overlay-gradient":""},"mobile":{"background-color":"var(--ast-global-color-5)","background-image":"","background-repeat":"repeat","background-position":"center center","background-size":"auto","background-attachment":"scroll","background-type":"","background-media":"","overlay-type":"","overlay-color":"","overlay-opacity":"","overlay-gradient":""}},"footnotes":""},"class_list":["post-3537","page","type-page","status-publish","hentry"],"acf":[],"_links":{"self":[{"href":"https:\/\/globalcosm.eu\/de\/wp-json\/wp\/v2\/pages\/3537","targetHints":{"allow":["GET"]}}],"collection":[{"href":"https:\/\/globalcosm.eu\/de\/wp-json\/wp\/v2\/pages"}],"about":[{"href":"https:\/\/globalcosm.eu\/de\/wp-json\/wp\/v2\/types\/page"}],"author":[{"embeddable":true,"href":"https:\/\/globalcosm.eu\/de\/wp-json\/wp\/v2\/users\/1"}],"replies":[{"embeddable":true,"href":"https:\/\/globalcosm.eu\/de\/wp-json\/wp\/v2\/comments?post=3537"}],"version-history":[{"count":0,"href":"https:\/\/globalcosm.eu\/de\/wp-json\/wp\/v2\/pages\/3537\/revisions"}],"wp:attachment":[{"href":"https:\/\/globalcosm.eu\/de\/wp-json\/wp\/v2\/media?parent=3537"}],"curies":[{"name":"wp","href":"https:\/\/api.w.org\/{rel}","templated":true}]}}