{"id":225,"date":"2023-01-20T00:12:46","date_gmt":"2023-01-19T23:12:46","guid":{"rendered":"https:\/\/globalcosm.eu\/?page_id=225"},"modified":"2023-03-18T12:53:50","modified_gmt":"2023-03-18T11:53:50","slug":"conditions-dutilisation","status":"publish","type":"page","link":"https:\/\/globalcosm.eu\/de\/conditions-dutilisation\/","title":{"rendered":"Conditions d&rsquo;utilisation"},"content":{"rendered":"<div data-elementor-type=\"wp-page\" data-elementor-id=\"225\" class=\"elementor elementor-225\" data-elementor-post-type=\"page\">\n\t\t\t\t\t\t<section class=\"elementor-section elementor-top-section elementor-element elementor-element-7a31471 elementor-section-boxed elementor-section-height-default elementor-section-height-default wpr-particle-no wpr-jarallax-no wpr-parallax-no wpr-sticky-section-no wpr-column-slider-no wpr-equal-height-no\" data-id=\"7a31471\" data-element_type=\"section\" data-e-type=\"section\">\n\t\t\t\t\t\t<div class=\"elementor-container elementor-column-gap-default\">\n\t\t\t\t\t<div class=\"elementor-column elementor-col-100 elementor-top-column elementor-element elementor-element-3bdff7e\" data-id=\"3bdff7e\" data-element_type=\"column\" data-e-type=\"column\">\n\t\t\t<div class=\"elementor-widget-wrap elementor-element-populated\">\n\t\t\t\t\t\t<div class=\"elementor-element elementor-element-1d87b46 elementor-widget elementor-widget-text-editor\" data-id=\"1d87b46\" data-element_type=\"widget\" data-e-type=\"widget\" data-widget_type=\"text-editor.default\">\n\t\t\t\t<div class=\"elementor-widget-container\">\n\t\t\t\t\t\t\t\t\t<p><b>Conditions d&rsquo;utilisation<\/b><\/p>\n<ol>\n<li>\n<p>Le site internet globalcosm.eu (le \u00ab\u00a0site\u00a0\u00bb) est un service fourni par Globalcosm, Inc. (ci-apr\u00e8s d\u00e9nomm\u00e9e \u00ab\u00a0nous\u00a0\u00bb ou \u00ab\u00a0notre\u00a0\u00bb). En acc\u00e9dant ou en utilisant le site, vous acceptez d&rsquo;\u00eatre li\u00e9 par les termes et conditions suivants (les \u00ab\u00a0conditions d&rsquo;utilisation\u00a0\u00bb). Si vous n&rsquo;\u00eates pas d&rsquo;accord avec ces conditions d&rsquo;utilisation, vous ne devez pas utiliser le site.<\/p>\n<\/li>\n<li>\n<p>Nous nous r\u00e9servons le droit de modifier ces conditions d&rsquo;utilisation \u00e0 tout moment et sans pr\u00e9avis. Il est de votre responsabilit\u00e9 de consulter r\u00e9guli\u00e8rement ces conditions d&rsquo;utilisation pour vous tenir inform\u00e9 des modifications.<\/p>\n<\/li>\n<li>\n<p>Le contenu du site, y compris les textes, images, graphismes, logos, ic\u00f4nes, images et logiciels, est prot\u00e9g\u00e9 par les lois sur les droits d&rsquo;auteur et les marques d\u00e9pos\u00e9es. Vous ne pouvez pas utiliser ce contenu sans notre autorisation \u00e9crite pr\u00e9alable.<\/p>\n<\/li>\n<li>\n<p>Les produits et services propos\u00e9s sur le site sont uniquement destin\u00e9s \u00e0 un usage personnel et non commercial. Vous ne pouvez pas reproduire, dupliquer, copier, vendre, revendre ou exploiter \u00e0 des fins commerciales tout aspect du site sans notre autorisation \u00e9crite pr\u00e9alable.<\/p>\n<\/li>\n<li>\n<p>Nous ne garantissons pas que le site ou son contenu seront toujours disponibles ou exempts d&rsquo;erreurs. Nous nous r\u00e9servons le droit de suspendre, de retirer ou de restreindre l&rsquo;acc\u00e8s \u00e0 tout ou partie du site \u00e0 tout moment et sans pr\u00e9avis.<\/p>\n<\/li>\n<li>\n<p>Nous ne sommes pas responsables des dommages indirects ou cons\u00e9cutifs, ou de tout dommage ou perte de quelque nature que ce soit, r\u00e9sultant de l&rsquo;utilisation du site ou de l&rsquo;impossibilit\u00e9 d&rsquo;y acc\u00e9der.<\/p>\n<\/li>\n<li>\n<p>Les liens vers d&rsquo;autres sites internet pr\u00e9sents sur le site ne signifient pas que nous approuvons les contenus de ces sites. Nous n&rsquo;assumons aucune responsabilit\u00e9 quant au contenu de ces sites.<\/p>\n<\/li>\n<li>\n<p>Les Conditions d&rsquo;utilisation sont r\u00e9gies et interpr\u00e9t\u00e9es conform\u00e9ment aux lois de l&rsquo;Etat ou de la pays ou vous habitez ou ou le site est h\u00e9berg\u00e9. En cas de litige, les parties conviennent de s&rsquo;en remettre \u00e0 la juridiction des tribunaux comp\u00e9tents.<\/p>\n<\/li>\n<li>\n<p>Si une partie de ces Conditions d&rsquo;utilisation est jug\u00e9e ill\u00e9gale ou inapplicable, cette partie sera consid\u00e9r\u00e9e comme s\u00e9parable et n&rsquo;affectera pas la validit\u00e9 et l&rsquo;applicabilit\u00e9 des dispositions restantes.<\/p>\n<\/li>\n<\/ol>\t\t\t\t\t\t\t\t<\/div>\n\t\t\t\t<\/div>\n\t\t\t\t\t<\/div>\n\t\t<\/div>\n\t\t\t\t\t<\/div>\n\t\t<\/section>\n\t\t\t\t<\/div>","protected":false},"excerpt":{"rendered":"<p>Conditions d&rsquo;utilisation Le site internet globalcosm.eu (le \u00ab\u00a0site\u00a0\u00bb) est un service fourni par Globalcosm, Inc. (ci-apr\u00e8s d\u00e9nomm\u00e9e \u00ab\u00a0nous\u00a0\u00bb ou \u00ab\u00a0notre\u00a0\u00bb). En acc\u00e9dant ou en utilisant le site, vous acceptez d&rsquo;\u00eatre li\u00e9 par les termes et conditions suivants (les \u00ab\u00a0conditions d&rsquo;utilisation\u00a0\u00bb). Si vous n&rsquo;\u00eates pas d&rsquo;accord avec ces conditions d&rsquo;utilisation, vous ne devez pas utiliser le site. Nous nous r\u00e9servons le droit de modifier ces conditions d&rsquo;utilisation \u00e0 tout moment et sans pr\u00e9avis. Il est de votre responsabilit\u00e9 de consulter r\u00e9guli\u00e8rement ces conditions d&rsquo;utilisation pour vous tenir inform\u00e9 des modifications. Le contenu du site, y compris les textes, images, graphismes, logos, ic\u00f4nes, images et logiciels, est prot\u00e9g\u00e9 par les lois sur les droits d&rsquo;auteur et les marques d\u00e9pos\u00e9es. Vous ne pouvez pas utiliser ce contenu sans notre autorisation \u00e9crite pr\u00e9alable. Les produits et services propos\u00e9s sur le site sont uniquement destin\u00e9s \u00e0 un usage personnel et non commercial. Vous ne pouvez pas reproduire, dupliquer, copier, vendre, revendre ou exploiter \u00e0 des fins commerciales tout aspect du site sans notre autorisation \u00e9crite pr\u00e9alable. Nous ne garantissons pas que le site ou son contenu seront toujours disponibles ou exempts d&rsquo;erreurs. Nous nous r\u00e9servons le droit de suspendre, de retirer ou de restreindre l&rsquo;acc\u00e8s \u00e0 tout ou partie du site \u00e0 tout moment et sans pr\u00e9avis. Nous ne sommes pas responsables des dommages indirects ou cons\u00e9cutifs, ou de tout dommage ou perte de quelque nature que ce soit, r\u00e9sultant de l&rsquo;utilisation du site ou de l&rsquo;impossibilit\u00e9 d&rsquo;y acc\u00e9der. Les liens vers d&rsquo;autres sites internet pr\u00e9sents sur le site ne signifient pas que nous approuvons les contenus de ces sites. Nous n&rsquo;assumons aucune responsabilit\u00e9 quant au contenu de ces sites. Les Conditions d&rsquo;utilisation sont r\u00e9gies et interpr\u00e9t\u00e9es conform\u00e9ment aux lois de l&rsquo;Etat ou de la pays ou vous habitez ou ou le site est h\u00e9berg\u00e9. En cas de litige, les parties conviennent de s&rsquo;en remettre \u00e0 la juridiction des tribunaux comp\u00e9tents. Si une partie de ces Conditions d&rsquo;utilisation est jug\u00e9e ill\u00e9gale ou inapplicable, cette partie sera consid\u00e9r\u00e9e comme s\u00e9parable et n&rsquo;affectera pas la validit\u00e9 et l&rsquo;applicabilit\u00e9 des dispositions restantes.<\/p>","protected":false},"author":1,"featured_media":0,"parent":0,"menu_order":0,"comment_status":"closed","ping_status":"closed","template":"","meta":{"_acf_changed":false,"site-sidebar-layout":"no-sidebar","site-content-layout":"page-builder","ast-site-content-layout":"default","site-content-style":"default","site-sidebar-style":"default","ast-global-header-display":"","ast-banner-title-visibility":"","ast-main-header-display":"","ast-hfb-above-header-display":"","ast-hfb-below-header-display":"","ast-hfb-mobile-header-display":"","site-post-title":"disabled","ast-breadcrumbs-content":"","ast-featured-img":"disabled","footer-sml-layout":"","ast-disable-related-posts":"","theme-transparent-header-meta":"","adv-header-id-meta":"","stick-header-meta":"","header-above-stick-meta":"","header-main-stick-meta":"","header-below-stick-meta":"","astra-migrate-meta-layouts":"default","ast-page-background-enabled":"default","ast-page-background-meta":{"desktop":{"background-color":"var(--ast-global-color-4)","background-image":"","background-repeat":"repeat","background-position":"center center","background-size":"auto","background-attachment":"scroll","background-type":"","background-media":"","overlay-type":"","overlay-color":"","overlay-opacity":"","overlay-gradient":""},"tablet":{"background-color":"","background-image":"","background-repeat":"repeat","background-position":"center center","background-size":"auto","background-attachment":"scroll","background-type":"","background-media":"","overlay-type":"","overlay-color":"","overlay-opacity":"","overlay-gradient":""},"mobile":{"background-color":"","background-image":"","background-repeat":"repeat","background-position":"center center","background-size":"auto","background-attachment":"scroll","background-type":"","background-media":"","overlay-type":"","overlay-color":"","overlay-opacity":"","overlay-gradient":""}},"ast-content-background-meta":{"desktop":{"background-color":"var(--ast-global-color-5)","background-image":"","background-repeat":"repeat","background-position":"center center","background-size":"auto","background-attachment":"scroll","background-type":"","background-media":"","overlay-type":"","overlay-color":"","overlay-opacity":"","overlay-gradient":""},"tablet":{"background-color":"var(--ast-global-color-5)","background-image":"","background-repeat":"repeat","background-position":"center center","background-size":"auto","background-attachment":"scroll","background-type":"","background-media":"","overlay-type":"","overlay-color":"","overlay-opacity":"","overlay-gradient":""},"mobile":{"background-color":"var(--ast-global-color-5)","background-image":"","background-repeat":"repeat","background-position":"center center","background-size":"auto","background-attachment":"scroll","background-type":"","background-media":"","overlay-type":"","overlay-color":"","overlay-opacity":"","overlay-gradient":""}},"footnotes":""},"class_list":["post-225","page","type-page","status-publish","hentry"],"acf":[],"_links":{"self":[{"href":"https:\/\/globalcosm.eu\/de\/wp-json\/wp\/v2\/pages\/225","targetHints":{"allow":["GET"]}}],"collection":[{"href":"https:\/\/globalcosm.eu\/de\/wp-json\/wp\/v2\/pages"}],"about":[{"href":"https:\/\/globalcosm.eu\/de\/wp-json\/wp\/v2\/types\/page"}],"author":[{"embeddable":true,"href":"https:\/\/globalcosm.eu\/de\/wp-json\/wp\/v2\/users\/1"}],"replies":[{"embeddable":true,"href":"https:\/\/globalcosm.eu\/de\/wp-json\/wp\/v2\/comments?post=225"}],"version-history":[{"count":8,"href":"https:\/\/globalcosm.eu\/de\/wp-json\/wp\/v2\/pages\/225\/revisions"}],"predecessor-version":[{"id":1283,"href":"https:\/\/globalcosm.eu\/de\/wp-json\/wp\/v2\/pages\/225\/revisions\/1283"}],"wp:attachment":[{"href":"https:\/\/globalcosm.eu\/de\/wp-json\/wp\/v2\/media?parent=225"}],"curies":[{"name":"wp","href":"https:\/\/api.w.org\/{rel}","templated":true}]}}