{"id":116,"date":"2023-01-13T16:50:01","date_gmt":"2023-01-13T15:50:01","guid":{"rendered":"https:\/\/globalcosm.eu\/?page_id=116"},"modified":"2026-03-15T13:41:12","modified_gmt":"2026-03-15T12:41:12","slug":"blog-innotox","status":"publish","type":"page","link":"https:\/\/globalcosm.eu\/de\/blog-innotox\/","title":{"rendered":"Blog innotox"},"content":{"rendered":"<div data-elementor-type=\"wp-page\" data-elementor-id=\"116\" class=\"elementor elementor-116\" data-elementor-post-type=\"page\">\n\t\t\t\t<div class=\"elementor-element elementor-element-314aee37 e-flex e-con-boxed wpr-particle-no wpr-jarallax-no wpr-parallax-no wpr-sticky-section-no wpr-column-slider-no wpr-equal-height-no e-con e-parent\" data-id=\"314aee37\" data-element_type=\"container\" data-e-type=\"container\" data-settings=\"{&quot;background_background&quot;:&quot;classic&quot;}\">\n\t\t\t\t\t<div class=\"e-con-inner\">\n\t\t\t\t<div class=\"elementor-element elementor-element-1ea0a900 elementor-widget elementor-widget-heading\" data-id=\"1ea0a900\" data-element_type=\"widget\" data-e-type=\"widget\" data-widget_type=\"heading.default\">\n\t\t\t\t<div class=\"elementor-widget-container\">\n\t\t\t\t\t<h2 class=\"elementor-heading-title elementor-size-default\">Blog<\/h2>\t\t\t\t<\/div>\n\t\t\t\t<\/div>\n\t\t\t\t\t<\/div>\n\t\t\t\t<\/div>\n\t\t<div class=\"elementor-element elementor-element-7435f6c7 e-flex e-con-boxed wpr-particle-no wpr-jarallax-no wpr-parallax-no wpr-sticky-section-no wpr-column-slider-no wpr-equal-height-no e-con e-parent\" data-id=\"7435f6c7\" data-element_type=\"container\" data-e-type=\"container\" data-settings=\"{&quot;background_background&quot;:&quot;classic&quot;}\">\n\t\t\t\t\t<div class=\"e-con-inner\">\n\t\t\t\t<div class=\"elementor-element elementor-element-e852694 wpr-grid-columns-3 wpr-grid-columns--tablet2 wpr-grid-columns--mobile1 wpr-grid-pagination-center wpr-item-styles-inner elementor-widget elementor-widget-wpr-grid\" data-id=\"e852694\" data-element_type=\"widget\" data-e-type=\"widget\" data-widget_type=\"wpr-grid.default\">\n\t\t\t\t<div class=\"elementor-widget-container\">\n\t\t\t\t\t<ul class=\"wpr-grid-filters elementor-clearfix wpr-grid-filters-sep-right\"><li class=\"wpr-pointer-none wpr-pointer-line-fx wpr-pointer-fx-fade\"><span  data-filter=\"*\" class=\"wpr-grid-filters-item wpr-active-filter\"><i class=\"wpr-grid-filters-icon-left\"><\/i>All Posts<\/span><em class=\"wpr-grid-filters-sep\"><\/em><\/li><li class=\"wpr-pointer-none wpr-pointer-line-fx wpr-pointer-fx-fade\"><span   data-ajax-filter=\"[\"category\",\"comparatifs-produits\"]\"  data-filter=\".category-comparatifs-produits\"><i class=\"wpr-grid-filters-icon-left\"><\/i>Comparatifs produits<\/span><em class=\"wpr-grid-filters-sep\"><\/em><\/li><li class=\"wpr-pointer-none wpr-pointer-line-fx wpr-pointer-fx-fade\"><span   data-ajax-filter=\"[\"category\",\"guides-praticiens\"]\"  data-filter=\".category-guides-praticiens\"><i class=\"wpr-grid-filters-icon-left\"><\/i>Guides praticiens<\/span><em class=\"wpr-grid-filters-sep\"><\/em><\/li><li class=\"wpr-pointer-none wpr-pointer-line-fx wpr-pointer-fx-fade\"><span   data-ajax-filter=\"[\"category\",\"non-classifiee\"]\"  data-filter=\".category-non-classifiee\"><i class=\"wpr-grid-filters-icon-left\"><\/i>Non classifi\u00e9(e)<\/span><em class=\"wpr-grid-filters-sep\"><\/em><\/li><li class=\"wpr-pointer-none wpr-pointer-line-fx wpr-pointer-fx-fade\"><span   data-ajax-filter=\"[\"category\",\"toxines-botuliniques\"]\"  data-filter=\".category-toxines-botuliniques\"><i class=\"wpr-grid-filters-icon-left\"><\/i>Toxines botuliniques<\/span><em class=\"wpr-grid-filters-sep\"><\/em><\/li><\/ul><section class=\"wpr-grid elementor-clearfix\" data-settings=\"{&quot;layout&quot;:&quot;masonry&quot;,&quot;stick_last_element_to_bottom&quot;:&quot;no&quot;,&quot;columns_desktop&quot;:3,&quot;gutter_hr&quot;:9,&quot;gutter_hr_mobile&quot;:9,&quot;gutter_hr_mobile_extra&quot;:9,&quot;gutter_hr_tablet&quot;:9,&quot;gutter_hr_tablet_extra&quot;:9,&quot;gutter_hr_laptop&quot;:9,&quot;gutter_hr_widescreen&quot;:9,&quot;gutter_vr&quot;:15,&quot;gutter_vr_mobile&quot;:15,&quot;gutter_vr_mobile_extra&quot;:15,&quot;gutter_vr_tablet&quot;:15,&quot;gutter_vr_tablet_extra&quot;:15,&quot;gutter_vr_laptop&quot;:15,&quot;gutter_vr_widescreen&quot;:15,&quot;animation&quot;:&quot;default&quot;,&quot;animation_duration&quot;:0.3,&quot;animation_delay&quot;:0.1,&quot;deeplinking&quot;:&quot;no&quot;,&quot;filters_linkable&quot;:&quot;no&quot;,&quot;filters_default_filter&quot;:&quot;&quot;,&quot;filters_count&quot;:&quot;no&quot;,&quot;filters_hide_empty&quot;:&quot;no&quot;,&quot;filters_animation&quot;:&quot;default&quot;,&quot;filters_animation_duration&quot;:0.3,&quot;filters_animation_delay&quot;:0.1,&quot;pagination_type&quot;:&quot;load-more&quot;,&quot;pagination_max_pages&quot;:1,&quot;lightbox&quot;:{&quot;selector&quot;:&quot;.wpr-grid-image-wrap&quot;,&quot;iframeMaxWidth&quot;:&quot;60%&quot;,&quot;hash&quot;:false,&quot;autoplay&quot;:&quot;true&quot;,&quot;pause&quot;:5000,&quot;progressBar&quot;:&quot;true&quot;,&quot;counter&quot;:&quot;true&quot;,&quot;controls&quot;:&quot;true&quot;,&quot;getCaptionFromTitleOrAlt&quot;:&quot;true&quot;,&quot;thumbnail&quot;:&quot;true&quot;,&quot;showThumbByDefault&quot;:&quot;true&quot;,&quot;share&quot;:&quot;true&quot;,&quot;zoom&quot;:&quot;true&quot;,&quot;fullScreen&quot;:&quot;true&quot;,&quot;download&quot;:&quot;true&quot;}}\" data-advanced-filters=\"no\"><article class=\"wpr-grid-item elementor-clearfix post-3324 post type-post status-publish format-standard hentry category-guides-praticiens\"><div class=\"wpr-grid-item-inner\"><div class=\"wpr-grid-item-below-content elementor-clearfix\"><h2 class=\"wpr-grid-item-title elementor-repeater-item-f9c2ff4 wpr-grid-item-display-block wpr-grid-item-align-left wpr-pointer-none wpr-pointer-line-fx wpr-pointer-fx-slide\"><div class=\"inner-block\"><a target=\"_self\"  href=\"https:\/\/globalcosm.eu\/de\/innotox-effets-secondaires-risques-et-precautions-dutilisation\/\">Innotox : effets secondaires, risques et pr\u00e9cautions d&rsquo;utilisation<\/a><\/div><\/h2><div class=\"wpr-grid-item-date elementor-repeater-item-8ba058f wpr-grid-item-display-inline wpr-grid-item-align-left\"><div class=\"inner-block\"><span>20 M\u00e4rz 2026<span class=\"wpr-grid-extra-text-right\">\/<\/span><\/span><\/div><\/div><div class=\"wpr-grid-item-excerpt elementor-repeater-item-be50d8a wpr-grid-item-display-block wpr-grid-item-align-left\"><div class=\"inner-block\"><p>Quels sont les effets secondaires d&#039;Innotox ? Ptose palp\u00e9brale, ecchymoses, asym\u00e9trie... Guide complet des risques, pr\u00e9cautions avant injection et conseils...<\/p><\/div><\/div><\/div><\/div><\/article><article class=\"wpr-grid-item elementor-clearfix post-3323 post type-post status-publish format-standard hentry category-toxines-botuliniques\"><div class=\"wpr-grid-item-inner\"><div class=\"wpr-grid-item-below-content elementor-clearfix\"><h2 class=\"wpr-grid-item-title elementor-repeater-item-f9c2ff4 wpr-grid-item-display-block wpr-grid-item-align-left wpr-pointer-none wpr-pointer-line-fx wpr-pointer-fx-slide\"><div class=\"inner-block\"><a target=\"_self\"  href=\"https:\/\/globalcosm.eu\/de\/prix-innotox-100-u-tarifs-grossiste-remises-et-comparatif-2026\/\">Prix Innotox 100 U : tarifs grossiste, remises et comparatif 2026<\/a><\/div><\/h2><div class=\"wpr-grid-item-date elementor-repeater-item-8ba058f wpr-grid-item-display-inline wpr-grid-item-align-left\"><div class=\"inner-block\"><span>20 M\u00e4rz 2026<span class=\"wpr-grid-extra-text-right\">\/<\/span><\/span><\/div><\/div><div class=\"wpr-grid-item-excerpt elementor-repeater-item-be50d8a wpr-grid-item-display-block wpr-grid-item-align-left\"><div class=\"inner-block\"><p>Quel est le prix d&#039;Innotox 100 U en 2026 ? Tarifs grossiste, remises sur volume, comparatif vs Botox et Dysport...<\/p><\/div><\/div><\/div><\/div><\/article><article class=\"wpr-grid-item elementor-clearfix post-3322 post type-post status-publish format-standard hentry category-toxines-botuliniques\"><div class=\"wpr-grid-item-inner\"><div class=\"wpr-grid-item-below-content elementor-clearfix\"><h2 class=\"wpr-grid-item-title elementor-repeater-item-f9c2ff4 wpr-grid-item-display-block wpr-grid-item-align-left wpr-pointer-none wpr-pointer-line-fx wpr-pointer-fx-slide\"><div class=\"inner-block\"><a target=\"_self\"  href=\"https:\/\/globalcosm.eu\/de\/innotox-hugel-fabricant-certifications-kfda-et-garanties-de-qualite\/\">Innotox Hugel : fabricant, certifications KFDA et garanties de qualit\u00e9<\/a><\/div><\/h2><div class=\"wpr-grid-item-date elementor-repeater-item-8ba058f wpr-grid-item-display-inline wpr-grid-item-align-left\"><div class=\"inner-block\"><span>20 M\u00e4rz 2026<span class=\"wpr-grid-extra-text-right\">\/<\/span><\/span><\/div><\/div><div class=\"wpr-grid-item-excerpt elementor-repeater-item-be50d8a wpr-grid-item-display-block wpr-grid-item-align-left\"><div class=\"inner-block\"><p>Qui fabrique Innotox ? Tout sur Hugel Inc., leader mondial de la toxine botulique, et la certification KFDA qui garantit...<\/p><\/div><\/div><\/div><\/div><\/article><article class=\"wpr-grid-item elementor-clearfix post-3315 post type-post status-publish format-standard hentry category-toxines-botuliniques\"><div class=\"wpr-grid-item-inner\"><div class=\"wpr-grid-item-below-content elementor-clearfix\"><h2 class=\"wpr-grid-item-title elementor-repeater-item-f9c2ff4 wpr-grid-item-display-block wpr-grid-item-align-left wpr-pointer-none wpr-pointer-line-fx wpr-pointer-fx-slide\"><div class=\"inner-block\"><a target=\"_self\"  href=\"https:\/\/globalcosm.eu\/de\/acheter-de-linnotox-en-ligne-les-criteres-pour-choisir-un-grossiste-fiable\/\">Acheter de l&rsquo;Innotox en ligne : les crit\u00e8res pour choisir un grossiste fiable<\/a><\/div><\/h2><div class=\"wpr-grid-item-date elementor-repeater-item-8ba058f wpr-grid-item-display-inline wpr-grid-item-align-left\"><div class=\"inner-block\"><span>20 M\u00e4rz 2026<span class=\"wpr-grid-extra-text-right\">\/<\/span><\/span><\/div><\/div><div class=\"wpr-grid-item-excerpt elementor-repeater-item-be50d8a wpr-grid-item-display-block wpr-grid-item-align-left\"><div class=\"inner-block\"><p>Authenticit\u00e9, cha\u00eene du froid, prix transparents, service client... Voici les 5 crit\u00e8res essentiels pour choisir un grossiste fiable o\u00f9 acheter...<\/p><\/div><\/div><\/div><\/div><\/article><article class=\"wpr-grid-item elementor-clearfix post-3314 post type-post status-publish format-standard hentry category-guides-praticiens\"><div class=\"wpr-grid-item-inner\"><div class=\"wpr-grid-item-below-content elementor-clearfix\"><h2 class=\"wpr-grid-item-title elementor-repeater-item-f9c2ff4 wpr-grid-item-display-block wpr-grid-item-align-left wpr-pointer-none wpr-pointer-line-fx wpr-pointer-fx-slide\"><div class=\"inner-block\"><a target=\"_self\"  href=\"https:\/\/globalcosm.eu\/de\/innotox-100-u-quelles-zones-du-visage-traiter-et-quels-resultats-attendre\/\">Innotox 100 U : quelles zones du visage traiter et quels r\u00e9sultats attendre ?<\/a><\/div><\/h2><div class=\"wpr-grid-item-date elementor-repeater-item-8ba058f wpr-grid-item-display-inline wpr-grid-item-align-left\"><div class=\"inner-block\"><span>20 M\u00e4rz 2026<span class=\"wpr-grid-extra-text-right\">\/<\/span><\/span><\/div><\/div><div class=\"wpr-grid-item-excerpt elementor-repeater-item-be50d8a wpr-grid-item-display-block wpr-grid-item-align-left\"><div class=\"inner-block\"><p>Front, glabelle, pattes d&#039;oie, brow lift... D\u00e9couvrez toutes les zones du visage que l&#039;on peut traiter avec Innotox 100 U...<\/p><\/div><\/div><\/div><\/div><\/article><article class=\"wpr-grid-item elementor-clearfix post-3313 post type-post status-publish format-standard hentry category-guides-praticiens\"><div class=\"wpr-grid-item-inner\"><div class=\"wpr-grid-item-below-content elementor-clearfix\"><h2 class=\"wpr-grid-item-title elementor-repeater-item-f9c2ff4 wpr-grid-item-display-block wpr-grid-item-align-left wpr-pointer-none wpr-pointer-line-fx wpr-pointer-fx-slide\"><div class=\"inner-block\"><a target=\"_self\"  href=\"https:\/\/globalcosm.eu\/de\/guide-du-praticien-comment-conserver-et-utiliser-innotox-100-u-de-facon-optimale\/\">Guide du praticien : comment conserver et utiliser Innotox 100 U de fa\u00e7on optimale<\/a><\/div><\/h2><div class=\"wpr-grid-item-date elementor-repeater-item-8ba058f wpr-grid-item-display-inline wpr-grid-item-align-left\"><div class=\"inner-block\"><span>20 M\u00e4rz 2026<span class=\"wpr-grid-extra-text-right\">\/<\/span><\/span><\/div><\/div><div class=\"wpr-grid-item-excerpt elementor-repeater-item-be50d8a wpr-grid-item-display-block wpr-grid-item-align-left\"><div class=\"inner-block\"><p>Formulation liquide, cha\u00eene du froid, technique d&#039;injection, suivi post-traitement : voici le guide complet du praticien pour utiliser Innotox 100...<\/p><\/div><\/div><\/div><\/div><\/article><article class=\"wpr-grid-item elementor-clearfix post-3285 post type-post status-publish format-standard has-post-thumbnail hentry category-toxines-botuliniques\"><div class=\"wpr-grid-item-inner\"><div class=\"wpr-grid-media-wrap wpr-effect-size-medium\" data-overlay-link=\"yes\"><div class=\"wpr-grid-image-wrap\" data-src=\"https:\/\/globalcosm.eu\/wp-content\/uploads\/2023\/01\/botulax-laboratorio-transformed.jpeg\" data-img-on-hover=\"\"  data-src-secondary=\"\"><img decoding=\"async\" data-no-lazy=\"1\" src=\"https:\/\/globalcosm.eu\/wp-content\/uploads\/2023\/01\/botulax-laboratorio-transformed.jpeg\" alt=\"innotox 100u\" class=\"wpr-anim-timing-ease-default\" title=\"\"><\/div><div class=\"wpr-grid-media-hover wpr-animation-wrap\"><div class=\"wpr-grid-media-hover-bg  wpr-overlay-fade-in wpr-anim-size-large wpr-anim-timing-ease-default wpr-anim-transparency\" data-url=\"https:\/\/globalcosm.eu\/de\/pourquoi-innotox-100-u-attire-autant-lattention-en-medecine-esthetique\/\"><\/div><\/div><\/div><div class=\"wpr-grid-item-below-content elementor-clearfix\"><h2 class=\"wpr-grid-item-title elementor-repeater-item-f9c2ff4 wpr-grid-item-display-block wpr-grid-item-align-left wpr-pointer-none wpr-pointer-line-fx wpr-pointer-fx-slide\"><div class=\"inner-block\"><a target=\"_self\"  href=\"https:\/\/globalcosm.eu\/de\/pourquoi-innotox-100-u-attire-autant-lattention-en-medecine-esthetique\/\">Pourquoi Innotox 100 U attire autant l\u2019attention en m\u00e9decine esth\u00e9tique ?<\/a><\/div><\/h2><div class=\"wpr-grid-item-date elementor-repeater-item-8ba058f wpr-grid-item-display-inline wpr-grid-item-align-left\"><div class=\"inner-block\"><span>15 M\u00e4rz 2026<span class=\"wpr-grid-extra-text-right\">\/<\/span><\/span><\/div><\/div><div class=\"wpr-grid-item-excerpt elementor-repeater-item-be50d8a wpr-grid-item-display-block wpr-grid-item-align-left\"><div class=\"inner-block\"><p>Dans l\u2019univers de la m\u00e9decine esth\u00e9tique, certains noms \u00e9mergent parce qu\u2019ils apportent une vraie diff\u00e9rence de perception sur le march\u00e9....<\/p><\/div><\/div><\/div><\/div><\/article><article class=\"wpr-grid-item elementor-clearfix post-3280 post type-post status-publish format-standard has-post-thumbnail hentry category-comparatifs-produits\"><div class=\"wpr-grid-item-inner\"><div class=\"wpr-grid-media-wrap wpr-effect-size-medium\" data-overlay-link=\"yes\"><div class=\"wpr-grid-image-wrap\" data-src=\"https:\/\/globalcosm.eu\/wp-content\/uploads\/2023\/01\/Sans-titre-16.png\" data-img-on-hover=\"\"  data-src-secondary=\"\"><img decoding=\"async\" data-no-lazy=\"1\" src=\"https:\/\/globalcosm.eu\/wp-content\/uploads\/2023\/01\/Sans-titre-16.png\" alt=\"Innotox 100 solution anti-rides innovante\" class=\"wpr-anim-timing-ease-default\" title=\"\"><\/div><div class=\"wpr-grid-media-hover wpr-animation-wrap\"><div class=\"wpr-grid-media-hover-bg  wpr-overlay-fade-in wpr-anim-size-large wpr-anim-timing-ease-default wpr-anim-transparency\" data-url=\"https:\/\/globalcosm.eu\/de\/innotox-100-u-vs-botox-classique-quelles-differences\/\"><\/div><\/div><\/div><div class=\"wpr-grid-item-below-content elementor-clearfix\"><h2 class=\"wpr-grid-item-title elementor-repeater-item-f9c2ff4 wpr-grid-item-display-block wpr-grid-item-align-left wpr-pointer-none wpr-pointer-line-fx wpr-pointer-fx-slide\"><div class=\"inner-block\"><a target=\"_self\"  href=\"https:\/\/globalcosm.eu\/de\/innotox-100-u-vs-botox-classique-quelles-differences\/\">Innotox 100 U vs Botox classique : quelles diff\u00e9rences ?<\/a><\/div><\/h2><div class=\"wpr-grid-item-date elementor-repeater-item-8ba058f wpr-grid-item-display-inline wpr-grid-item-align-left\"><div class=\"inner-block\"><span>15 M\u00e4rz 2026<span class=\"wpr-grid-extra-text-right\">\/<\/span><\/span><\/div><\/div><div class=\"wpr-grid-item-excerpt elementor-repeater-item-be50d8a wpr-grid-item-display-block wpr-grid-item-align-left\"><div class=\"inner-block\"><p>La requ\u00eate \u201cInnotox 100 U\u201d revient de plus en plus souvent dans les recherches li\u00e9es \u00e0 la m\u00e9decine esth\u00e9tique. Et...<\/p><\/div><\/div><\/div><\/div><\/article><article class=\"wpr-grid-item elementor-clearfix post-3265 post type-post status-publish format-standard has-post-thumbnail hentry category-toxines-botuliniques\"><div class=\"wpr-grid-item-inner\"><div class=\"wpr-grid-media-wrap wpr-effect-size-medium\" data-overlay-link=\"yes\"><div class=\"wpr-grid-image-wrap\" data-src=\"https:\/\/globalcosm.eu\/wp-content\/uploads\/2025\/01\/innotox_100u.jpg\" data-img-on-hover=\"\"  data-src-secondary=\"\"><img decoding=\"async\" data-no-lazy=\"1\" src=\"https:\/\/globalcosm.eu\/wp-content\/uploads\/2025\/01\/innotox_100u.jpg\" alt=\"innotox 100\" class=\"wpr-anim-timing-ease-default\" title=\"\"><\/div><div class=\"wpr-grid-media-hover wpr-animation-wrap\"><div class=\"wpr-grid-media-hover-bg  wpr-overlay-fade-in wpr-anim-size-large wpr-anim-timing-ease-default wpr-anim-transparency\" data-url=\"https:\/\/globalcosm.eu\/de\/innotox-100-u-tout-savoir-sur-cette-toxine-botulique-nouvelle-generation\/\"><\/div><\/div><\/div><div class=\"wpr-grid-item-below-content elementor-clearfix\"><h2 class=\"wpr-grid-item-title elementor-repeater-item-f9c2ff4 wpr-grid-item-display-block wpr-grid-item-align-left wpr-pointer-none wpr-pointer-line-fx wpr-pointer-fx-slide\"><div class=\"inner-block\"><a target=\"_self\"  href=\"https:\/\/globalcosm.eu\/de\/innotox-100-u-tout-savoir-sur-cette-toxine-botulique-nouvelle-generation\/\">Innotox 100 U : tout savoir sur cette toxine botulique nouvelle g\u00e9n\u00e9ration<\/a><\/div><\/h2><div class=\"wpr-grid-item-date elementor-repeater-item-8ba058f wpr-grid-item-display-inline wpr-grid-item-align-left\"><div class=\"inner-block\"><span>15 M\u00e4rz 2026<span class=\"wpr-grid-extra-text-right\">\/<\/span><\/span><\/div><\/div><div class=\"wpr-grid-item-excerpt elementor-repeater-item-be50d8a wpr-grid-item-display-block wpr-grid-item-align-left\"><div class=\"inner-block\"><p>Quand on parle de \u201cbotox Innotox 100 U\u201d, il est important de remettre les choses au clair : Innotox\u00ae est...<\/p><\/div><\/div><\/div><\/div><\/article><\/section>\t\t\t\t<\/div>\n\t\t\t\t<\/div>\n\t\t\t\t\t<\/div>\n\t\t\t\t<\/div>\n\t\t\t\t<section class=\"elementor-section elementor-top-section elementor-element elementor-element-f7639c5 elementor-section-boxed elementor-section-height-default elementor-section-height-default wpr-particle-no wpr-jarallax-no wpr-parallax-no wpr-sticky-section-no wpr-column-slider-no wpr-equal-height-no\" data-id=\"f7639c5\" data-element_type=\"section\" data-e-type=\"section\">\n\t\t\t\t\t\t<div class=\"elementor-container elementor-column-gap-default\">\n\t\t\t\t\t<div class=\"elementor-column elementor-col-50 elementor-top-column elementor-element elementor-element-5495514\" data-id=\"5495514\" data-element_type=\"column\" data-e-type=\"column\">\n\t\t\t<div class=\"elementor-widget-wrap\">\n\t\t\t\t\t\t\t<\/div>\n\t\t<\/div>\n\t\t\t\t<div class=\"elementor-column elementor-col-50 elementor-top-column elementor-element elementor-element-fff3021\" data-id=\"fff3021\" data-element_type=\"column\" data-e-type=\"column\">\n\t\t\t<div class=\"elementor-widget-wrap elementor-element-populated\">\n\t\t\t\t\t\t<div class=\"elementor-element elementor-element-dcbdec9 elementor-widget__width-initial elementor-widget elementor-widget-image\" data-id=\"dcbdec9\" data-element_type=\"widget\" data-e-type=\"widget\" data-widget_type=\"image.default\">\n\t\t\t\t<div class=\"elementor-widget-container\">\n\t\t\t\t\t\t\t\t\t\t\t\t\t\t\t<img fetchpriority=\"high\" decoding=\"async\" width=\"500\" height=\"500\" src=\"https:\/\/globalcosm.eu\/wp-content\/uploads\/2023\/01\/Sans-titre-16.png\" class=\"attachment-large size-large wp-image-284\" alt=\"Innotox 100 solution anti-rides innovante\" srcset=\"https:\/\/globalcosm.eu\/wp-content\/uploads\/2023\/01\/Sans-titre-16.png.webp 500w, https:\/\/globalcosm.eu\/wp-content\/uploads\/2023\/01\/Sans-titre-16-300x300.png.webp 300w, https:\/\/globalcosm.eu\/wp-content\/uploads\/2023\/01\/Sans-titre-16-100x100.png.webp 100w, https:\/\/globalcosm.eu\/wp-content\/uploads\/2023\/01\/Sans-titre-16-150x150.png.webp 150w\" sizes=\"(max-width: 500px) 100vw, 500px\" title=\"\">\t\t\t\t\t\t\t\t\t\t\t\t\t\t\t<\/div>\n\t\t\t\t<\/div>\n\t\t\t\t\t<\/div>\n\t\t<\/div>\n\t\t\t\t\t<\/div>\n\t\t<\/section>\n\t\t\t\t<\/div>","protected":false},"excerpt":{"rendered":"<p>Blog All Posts Non classifi\u00e9(e) Innotox 100 U vs Botox classique : quelles diff\u00e9rences ? 15 mars 2026\/ La requ\u00eate \u201cInnotox 100 U\u201d revient de plus en plus souvent dans les recherches li\u00e9es \u00e0 la m\u00e9decine esth\u00e9tique. Et&#8230; Innotox 100 U : tout savoir sur cette toxine botulique nouvelle g\u00e9n\u00e9ration 15 mars 2026\/ Quand on parle de \u201cbotox Innotox 100 U\u201d, il est important de remettre les choses au clair : Innotox\u00ae est&#8230;<\/p>","protected":false},"author":1,"featured_media":0,"parent":0,"menu_order":0,"comment_status":"closed","ping_status":"closed","template":"","meta":{"_acf_changed":false,"site-sidebar-layout":"no-sidebar","site-content-layout":"page-builder","ast-site-content-layout":"full-width-container","site-content-style":"unboxed","site-sidebar-style":"unboxed","ast-global-header-display":"","ast-banner-title-visibility":"","ast-main-header-display":"","ast-hfb-above-header-display":"","ast-hfb-below-header-display":"","ast-hfb-mobile-header-display":"","site-post-title":"disabled","ast-breadcrumbs-content":"","ast-featured-img":"disabled","footer-sml-layout":"","ast-disable-related-posts":"","theme-transparent-header-meta":"","adv-header-id-meta":"","stick-header-meta":"","header-above-stick-meta":"","header-main-stick-meta":"","header-below-stick-meta":"","astra-migrate-meta-layouts":"set","ast-page-background-enabled":"default","ast-page-background-meta":{"desktop":{"background-color":"var(--ast-global-color-4)","background-image":"","background-repeat":"repeat","background-position":"center center","background-size":"auto","background-attachment":"scroll","background-type":"","background-media":"","overlay-type":"","overlay-color":"","overlay-opacity":"","overlay-gradient":""},"tablet":{"background-color":"","background-image":"","background-repeat":"repeat","background-position":"center center","background-size":"auto","background-attachment":"scroll","background-type":"","background-media":"","overlay-type":"","overlay-color":"","overlay-opacity":"","overlay-gradient":""},"mobile":{"background-color":"","background-image":"","background-repeat":"repeat","background-position":"center center","background-size":"auto","background-attachment":"scroll","background-type":"","background-media":"","overlay-type":"","overlay-color":"","overlay-opacity":"","overlay-gradient":""}},"ast-content-background-meta":{"desktop":{"background-color":"var(--ast-global-color-5)","background-image":"","background-repeat":"repeat","background-position":"center center","background-size":"auto","background-attachment":"scroll","background-type":"","background-media":"","overlay-type":"","overlay-color":"","overlay-opacity":"","overlay-gradient":""},"tablet":{"background-color":"var(--ast-global-color-5)","background-image":"","background-repeat":"repeat","background-position":"center center","background-size":"auto","background-attachment":"scroll","background-type":"","background-media":"","overlay-type":"","overlay-color":"","overlay-opacity":"","overlay-gradient":""},"mobile":{"background-color":"var(--ast-global-color-5)","background-image":"","background-repeat":"repeat","background-position":"center center","background-size":"auto","background-attachment":"scroll","background-type":"","background-media":"","overlay-type":"","overlay-color":"","overlay-opacity":"","overlay-gradient":""}},"footnotes":""},"class_list":["post-116","page","type-page","status-publish","hentry"],"acf":[],"_links":{"self":[{"href":"https:\/\/globalcosm.eu\/de\/wp-json\/wp\/v2\/pages\/116","targetHints":{"allow":["GET"]}}],"collection":[{"href":"https:\/\/globalcosm.eu\/de\/wp-json\/wp\/v2\/pages"}],"about":[{"href":"https:\/\/globalcosm.eu\/de\/wp-json\/wp\/v2\/types\/page"}],"author":[{"embeddable":true,"href":"https:\/\/globalcosm.eu\/de\/wp-json\/wp\/v2\/users\/1"}],"replies":[{"embeddable":true,"href":"https:\/\/globalcosm.eu\/de\/wp-json\/wp\/v2\/comments?post=116"}],"version-history":[{"count":113,"href":"https:\/\/globalcosm.eu\/de\/wp-json\/wp\/v2\/pages\/116\/revisions"}],"predecessor-version":[{"id":3284,"href":"https:\/\/globalcosm.eu\/de\/wp-json\/wp\/v2\/pages\/116\/revisions\/3284"}],"wp:attachment":[{"href":"https:\/\/globalcosm.eu\/de\/wp-json\/wp\/v2\/media?parent=116"}],"curies":[{"name":"wp","href":"https:\/\/api.w.org\/{rel}","templated":true}]}}